{"id":8054,"date":"2022-11-03T10:19:42","date_gmt":"2022-11-03T09:19:42","guid":{"rendered":"https:\/\/nova-centro.com\/?page_id=8054"},"modified":"2022-11-03T14:50:29","modified_gmt":"2022-11-03T13:50:29","slug":"livecam-in-mallorca","status":"publish","type":"page","link":"https:\/\/nova-centro.com\/en\/livecam-in-mallorca\/","title":{"rendered":"Livecam in Mallorca"},"content":{"rendered":"<div class=\"wpb-content-wrapper\"><p>[vc_row css=&#8221;.vc_custom_1667467546679{margin-right: 0px !important;margin-left: 0px !important;background-image: url(https:\/\/nova-centro.com\/wp-content\/uploads\/Palmanova-Calvia-Novacentro.jpg?id=8017) !important;background-position: center !important;background-repeat: no-repeat !important;background-size: cover !important;}&#8221; el_class=&#8221;cabecera&#8221;][vc_column width=&#8221;1\/4&#8243;][\/vc_column][vc_column width=&#8221;1\/2&#8243;][vc_column_text el_class=&#8221;mini-titulo&#8221;]<\/p>\n<p style=\"text-align: center;\">LIVECAM IN MALLORCA NOVACENTRO<\/p>\n<p>[\/vc_column_text][vc_column_text el_class=&#8221;titulares&#8221;]<\/p>\n<h2 style=\"text-align: center;\">Livecam in Mallorca: check the weather in Palmanova, live!<\/h2>\n<p>[\/vc_column_text][vc_raw_html]JTNDZGl2JTIwaWQlM0QlMjJzY3JvbGxkb3duJTIyJTNFJTNDJTJGZGl2JTNF[\/vc_raw_html][\/vc_column][vc_column width=&#8221;1\/4&#8243;][\/vc_column][\/vc_row][vc_row][vc_column offset=&#8221;vc_hidden-xs&#8221;][vc_raw_html]JTNDaWZyYW1lJTIwYWxsb3dGdWxsU2NyZWVuJTIwc3R5bGUlM0QlMjJib3JkZXIlM0ElMjBub25lJTNCJTIyJTIwaGVpZ2h0JTNEJTIyOTAxJTIyJTIwd2lkdGglM0QlMjIxNjAwJTIyJTIwbmFtZSUzRCUyMmxpdmVjYW0tcHJvJTIyJTIwc3JjJTNEJTIyaHR0cHMlM0ElMkYlMkZsaXZlY2FtLXByby5jb20lMkZmaWxlYWRtaW4lMkZ0ZW1wbGF0ZXMlMkZhc3NldHMlMkZfaHRtbCUyRmxpdmVjYW1YLjAyNy5odG1sJTIyJTIwJTNFJTNDJTJGaWZyYW1lJTNF[\/vc_raw_html][\/vc_column][\/vc_row][vc_row][vc_column offset=&#8221;vc_hidden-lg vc_hidden-md vc_hidden-sm&#8221;][vc_raw_html]JTNDaWZyYW1lJTIwYWxsb3dGdWxsU2NyZWVuJTIwc3R5bGUlM0QlMjJib3JkZXIlM0ElMjBub25lJTNCJTIyJTIwaGVpZ2h0JTNEJTIyMzAwJTIyJTIwd2lkdGglM0QlMjI4MDAlMjIlMjBuYW1lJTNEJTIybGl2ZWNhbS1wcm8lMjIlMjBzcmMlM0QlMjJodHRwcyUzQSUyRiUyRmxpdmVjYW0tcHJvLmNvbSUyRmZpbGVhZG1pbiUyRnRlbXBsYXRlcyUyRmFzc2V0cyUyRl9odG1sJTJGbGl2ZWNhbVguMDI3Lmh0bWwlMjIlMjAlM0UlM0MlMkZpZnJhbWUlM0U=[\/vc_raw_html][\/vc_column][\/vc_row][vc_row content_width=&#8221;grid&#8221; css=&#8221;.vc_custom_1537269609651{padding-top: 50px !important;padding-bottom: 30px !important;}&#8221; el_class=&#8221;fondo-blanco&#8221;][vc_column width=&#8221;1\/2&#8243; css=&#8221;.vc_custom_1533211814827{margin-right: 0px !important;margin-left: 0px !important;}&#8221;][vc_row_inner][vc_column_inner el_class=&#8221;texto-comun&#8221;][vc_column_text]<\/p>\n<h2>This is Novacentro\u2019s LIVECAM in Mallorca at LivecamPro<\/h2>\n<p>[\/vc_column_text][vc_empty_space height=&#8221;80px&#8221; el_class=&#8221;no-movil&#8221;][vc_column_text]This is Novacentro\u2019s livecam in Mallorca at LivecamPro.<\/p>\n<p>Not in Mallorca?<\/p>\n<p>Are you interested in Palmanova\u2019s weather?<\/p>\n<p>Even more\u2026 Would you like to check it from home? Or from anywhere else with your Smartphone? That is exactly what you can do now, and what you will do if your office was in Novacentro.<\/p>\n<p>&nbsp;<\/p>\n<h3 style=\"text-align: center;\">Check the weather in Palmanova, Mallorca, LIVE!<\/h3>\n<h4 style=\"text-align: center;\">From now and on you will be able to enjoy the sunrises and sunsets in our coworking<\/h4>\n<p>&nbsp;<\/p>\n<p>We realize the privilege of being able to enjoy these views daily.<\/p>\n<p>All of us in our coworking space know that and so do our clients, or they are just discovering it now.<\/p>\n<p>It is an extra value for our building. In fact, to be honest, these sunrises and sunsets are special all over Mallorca, in all the Balearic Islands. We have the immense luck to experience them day after day. So much so that, unfortunately, one ends up getting the false idea that this is normal. But it is not. When a client from outside Mallorca moves into our coworking space, they end up discovering our light. And we are not referring only to the light of Novacentro, but to the light in this fortunate land given to us by the sun.<\/p>\n<p>&nbsp;<\/p>\n<h4 style=\"text-align: center;\">Check the weather in Palmanova visiting <em>Livecam in Mallorca<\/em> from your Smartphone, Computer and\/or tablet&#8230;<\/h4>\n<p>&nbsp;<\/p>\n<p>How many times you wondered, before leaving for work&#8230; <em>should I bring an umbrella? Will I need a coat? <\/em>Now all you have to do is look at this section of Novacentro\u2019s website and you&#8217;ll find out.<\/p>\n<p>Experience working in such an environment, not only with everything close at hand: Palma de Mallorca, the airport&#8230; But in an environment that combines the hand of man: tennis courts, restaurants, yacht clubs&#8230; With nature itself: the mountains, the sea, the beach and the sun.<\/p>\n<p style=\"text-align: center;\">&#8212;-<\/p>\n<h4 style=\"text-align: center;\"><a href=\"https:\/\/livecam-pro.com\/es\/mallorca-palmanova-2.html\">Our Livecam is also on Wetter.com, where you can see the weather forecast for Palmanova<\/a><\/h4>\n<p style=\"text-align: center;\">&#8212;-<\/p>\n<p style=\"text-align: center;\">Visit <strong><a href=\"https:\/\/nova-centro.com\/en\/location\/\">Novacentro&#8217;s location<\/a><\/strong>.<\/p>\n<p style=\"text-align: center;\">Discover the advantages of our <strong><a href=\"https:\/\/nova-centro.com\/en\/coworking\/\">Coworking spaces in Mallorca<\/a><\/strong>.<\/p>\n<p>[\/vc_column_text][\/vc_column_inner][\/vc_row_inner][\/vc_column][vc_column width=&#8221;1\/2&#8243; css=&#8221;.vc_custom_1533633271314{padding-top: 0px !important;padding-right: 0px !important;background-position: center !important;background-repeat: no-repeat !important;background-size: cover !important;}&#8221;][vc_row_inner disable_element=&#8221;yes&#8221;][vc_column_inner el_class=&#8221;texto-comun no-min&#8221;][vc_column_text]<\/p>\n<h2>Servicios<\/h2>\n<p>[\/vc_column_text][vc_empty_space height=&#8221;90px&#8221; el_class=&#8221;no-movil&#8221;][vc_column_text el_class=&#8221;servicio-petit&#8221;]Supermercados[\/vc_column_text][vc_column_text el_class=&#8221;servicio-petit&#8221;]Variedad de restaurantes[\/vc_column_text][vc_column_text el_class=&#8221;servicio-petit&#8221;]Gasolinera[\/vc_column_text][vc_empty_space height=&#8221;40px&#8221; el_class=&#8221;left no-movil&#8221;][vc_column_text el_class=&#8221;servicio-petit&#8221;]Club de tenis[\/vc_column_text][vc_column_text el_class=&#8221;servicio-petit&#8221;]Puerto deportivo[\/vc_column_text][vc_column_text el_class=&#8221;servicio-petit&#8221;]PAC[\/vc_column_text][vc_empty_space height=&#8221;40px&#8221; el_class=&#8221;left no-movil&#8221;][vc_column_text el_class=&#8221;servicio-petit&#8221;]<\/p>\n<p class=\"p1\"><span class=\"s1\">Zonas verdes<\/span><\/p>\n<p>[\/vc_column_text][vc_column_text el_class=&#8221;servicio-petit&#8221;]<\/p>\n<p class=\"p1\"><span class=\"s1\">Playa<\/span><\/p>\n<p>[\/vc_column_text][vc_column_text el_class=&#8221;servicio-petit&#8221;]<\/p>\n<p class=\"p1\"><span class=\"s1\">Paseo mar\u00edtimo<\/span><\/p>\n<p>[\/vc_column_text][vc_empty_space height=&#8221;40px&#8221; el_class=&#8221;left no-movil&#8221;][\/vc_column_inner][\/vc_row_inner][vc_row_inner][vc_column_inner el_class=&#8221;texto-comun no-min&#8221;][vc_column_text]<\/p>\n<h2>Novacentro est\u00e1 a:<\/h2>\n<p>[\/vc_column_text][vc_empty_space height=&#8221;90px&#8221; el_class=&#8221;no-movil&#8221;][vc_column_text el_class=&#8221;servicio-petit&#8221;]a 10min<br \/>\nde Palma[\/vc_column_text][vc_column_text el_class=&#8221;servicio-petit&#8221;]a 20min<br \/>\nde Aeropuerto[\/vc_column_text][vc_column_text el_class=&#8221;servicio-petit&#8221;]a 15min<br \/>\nde Andratx[\/vc_column_text][vc_empty_space height=&#8221;40px&#8221; el_class=&#8221;left no-movil&#8221;][vc_column_text el_class=&#8221;servicio-petit&#8221;]a 5min<br \/>\nde Calvi\u00e0[\/vc_column_text][vc_column_text el_class=&#8221;servicio-petit&#8221;]a 5min<br \/>\nde Puerto Portals[\/vc_column_text][vc_column_text el_class=&#8221;servicio-petit&#8221;]a 3min<br \/>\nde la Playa[\/vc_column_text][vc_empty_space height=&#8221;40px&#8221; el_class=&#8221;left no-movil&#8221;][\/vc_column_inner][\/vc_row_inner][\/vc_column][\/vc_row][vc_row][vc_column offset=&#8221;vc_hidden-xs&#8221;][vc_gallery type=&#8221;image_grid&#8221; source=&#8221;external_link&#8221;][vc_raw_html]JTNDZGl2JTIwY2xhc3MlM0QlMjJjYXJydXNlbCUyMiUzRSUwQSUzQ2RpdiUyMGNsYXNzJTNEJTIycGluQ29udGFpbmVyJTIyJTIwaWQlM0QlMjJwaW4tMiUyMiUzRSUwQSUzQ2RpdiUyMGNsYXNzJTNEJTIycGFuZWwlMjIlM0UlMEElMDklMDklMDklMDklMDklMDklMDklMDklMDklMDklMDklMjAlMjAlM0NkaXYlMjBjbGFzcyUzRCUyMmNhcnJ1c2VsX2l0ZW0lMjIlMjBzdHlsZSUzRCUyMmRpc3BsYXklM0FpbmxpbmUtYmxvY2slM0IlMjBmbG9hdCUzQWxlZnQlM0IlMjIlM0UlM0NpbWclMjBzcmMlM0QlMjJodHRwcyUzQSUyRiUyRm5vdmEtY2VudHJvLmNvbSUyRndwLWNvbnRlbnQlMkZ1cGxvYWRzJTJGTm92YWNlbnRyby1PZmljaW5hcy1lbi1DYWx2aWEtTWFsbG9yY2EtV29ya2NlbnRlci1WaWxhcy1UZW5uaXMtQWNhZGVteS1QbGF5YS1Fc2NhcnJlZ2Fkb3ItRW50b3Juby5qcGclMjIlMjBhbHQlM0QlMjIlMjIlMjAlMkYlM0UlM0NkaXYlMjBjbGFzcyUzRCUyMmNhcHRpb24lMjIlM0VOb3ZhY2VudHJvJTIwLSUyME9maWNpbmFzJTIwZW4lMjBDYWx2aSVDMyVBMCUyMC0lMjBNYWxsb3JjYSUyMC0lMjBXb3JrY2VudGVyJTIwLSUyMFZpbGFzJTIwVGVubmlzJTIwQWNhZGVteSUyMC0lMjBQbGF5YSUyMEVzY2FycmVnYWRvciUyMC0lMjBFbnRvcm5vJTNDJTJGZGl2JTNFJTNDJTJGZGl2JTNFJTBBJTIwJTNDZGl2JTIwY2xhc3MlM0QlMjJjYXJydXNlbF9pdGVtJTIyJTIwc3R5bGUlM0QlMjJkaXNwbGF5JTNBaW5saW5lLWJsb2NrJTNCJTIwZmxvYXQlM0FsZWZ0JTNCJTIyJTNFJTNDaW1nJTIwc3JjJTNEJTIyaHR0cHMlM0ElMkYlMkZub3ZhLWNlbnRyby5jb20lMkZ3cC1jb250ZW50JTJGdXBsb2FkcyUyRk5vdmFjZW50cm8tT2ZpY2luYXMtZW4tQ2FsdmlhLU1hbGxvcmNhLVdvcmtjZW50ZXItVmlsYXMtVGVubmlzLUFjYWRlbXktRW50b3Juby5qcGclMjIlMjBhbHQlM0QlMjIlMjIlMjAlMkYlM0UlM0NkaXYlMjBjbGFzcyUzRCUyMmNhcHRpb24lMjIlM0VOb3ZhY2VudHJvJTIwLSUyME9maWNpbmFzJTIwZW4lMjBDYWx2aSVDMyVBMCUyMC0lMjBNYWxsb3JjYSUyMC0lMjBXb3JrY2VudGVyJTIwLSUyMFZpbGFzJTIwVGVubmlzJTIwQWNhZGVteSUyMC0lMjBFbnRvcm5vJTNDJTJGZGl2JTNFJTNDJTJGZGl2JTNFJTBBJTNDZGl2JTIwY2xhc3MlM0QlMjJjYXJydXNlbF9pdGVtJTIyJTIwc3R5bGUlM0QlMjJkaXNwbGF5JTNBaW5saW5lLWJsb2NrJTNCJTIwZmxvYXQlM0FsZWZ0JTNCJTIyJTNFJTNDaW1nJTIwc3JjJTNEJTIyaHR0cHMlM0ElMkYlMkZub3ZhLWNlbnRyby5jb20lMkZ3cC1jb250ZW50JTJGdXBsb2FkcyUyRk5vdmFjZW50cm8tT2ZpY2luYXMtZW4tQ2FsdmlhLU1hbGxvcmNhLVdvcmtjZW50ZXItUHVlcnRvLVBvcnRhbHMtRW50b3Juby5qcGclMjIlMjBhbHQlM0QlMjIlMjIlMjAlMkYlM0UlM0NkaXYlMjBjbGFzcyUzRCUyMmNhcHRpb24lMjIlM0VOb3ZhY2VudHJvJTIwLSUyME9maWNpbmFzJTIwZW4lMjBDYWx2aSVDMyVBMCUyMC0lMjBNYWxsb3JjYSUyMC0lMjBQdWVydG8lMjBQb3J0YWxzJTNDJTJGZGl2JTNFJTNDJTJGZGl2JTNFJTBBJTIwJTNDZGl2JTIwY2xhc3MlM0QlMjJjYXJydXNlbF9pdGVtJTIyJTIwc3R5bGUlM0QlMjJkaXNwbGF5JTNBaW5saW5lLWJsb2NrJTNCJTIwZmxvYXQlM0FsZWZ0JTNCJTIyJTNFJTNDaW1nJTIwc3JjJTNEJTIyaHR0cHMlM0ElMkYlMkZub3ZhLWNlbnRyby5jb20lMkZ3cC1jb250ZW50JTJGdXBsb2FkcyUyRk5vdmFjZW50cm8tT2ZpY2luYXMtZW4tQ2FsdmlhLU1hbGxvcmNhLVdvcmtjZW50ZXItRW50b3Juby5qcGclMjIlMjBhbHQlM0QlMjIlMjIlMjAlMkYlM0UlM0NkaXYlMjBjbGFzcyUzRCUyMmNhcHRpb24lMjIlM0VOb3ZhY2VudHJvJTIwLSUyME9maWNpbmFzJTIwZW4lMjBDYWx2aSVDMyVBMCUyMC0lMjBNYWxsb3JjYSUyMC0lMjBXb3JrY2VudGVyJTIwLSUyMEVudG9ybm8lM0MlMkZkaXYlM0UlM0MlMkZkaXYlM0UlMEElMjAlM0NkaXYlMjBjbGFzcyUzRCUyMmNhcnJ1c2VsX2l0ZW0lMjIlMjBzdHlsZSUzRCUyMmRpc3BsYXklM0FpbmxpbmUtYmxvY2slM0IlMjBmbG9hdCUzQWxlZnQlM0IlMjIlM0UlM0NpbWclMjBzcmMlM0QlMjJodHRwcyUzQSUyRiUyRm5vdmEtY2VudHJvLmNvbSUyRndwLWNvbnRlbnQlMkZ1cGxvYWRzJTJGTm92YWNlbnRyby1PZmljaW5hcy1lbi1DYWx2aWEtTWFsbG9yY2EtV29ya2NlbnRlci1QbGF5YS1Fc2NhcnJlZ2Fkb3ItRW50b3Juby5qcGclMjIlMjBhbHQlM0QlMjIlMjIlMjAlMkYlM0UlM0NkaXYlMjBjbGFzcyUzRCUyMmNhcHRpb24lMjIlM0VOb3ZhY2VudHJvJTIwLSUyME9maWNpbmFzJTIwZW4lMjBDYWx2aSVDMyVBMCUyMC0lMjBNYWxsb3JjYSUyMC0lMjBXb3JrY2VudGVyJTIwLSUyMFBsYXlhJTIwRXNjYXJyZWdhZG9yJTIwLSUyMEVudG9ybm8lM0MlMkZkaXYlM0UlM0MlMkZkaXYlM0UlMEElM0NkaXYlMjBjbGFzcyUzRCUyMmNhcnJ1c2VsX2l0ZW0lMjIlMjBzdHlsZSUzRCUyMmRpc3BsYXklM0FpbmxpbmUtYmxvY2slM0IlMjBmbG9hdCUzQWxlZnQlM0IlMjIlM0UlM0NpbWclMjBzcmMlM0QlMjJodHRwcyUzQSUyRiUyRm5vdmEtY2VudHJvLmNvbSUyRndwLWNvbnRlbnQlMkZ1cGxvYWRzJTJGTm92YWNlbnRyby1PZmljaW5hcy1lbi1DYWx2aWEtTWFsbG9yY2EtV29ya2NlbnRlci1FbnRvcm5vLVZpbGFzLVRlbm5pcy1BY2FkZW15LmpwZyUyMiUyMGFsdCUzRCUyMiUyMiUyMCUyRiUzRSUzQ2RpdiUyMGNsYXNzJTNEJTIyY2FwdGlvbiUyMiUzRU5vdmFjZW50cm8lMjAtJTIwTWFsbG9yY2ElMjAtJTIwVmlsYXMlMjBUZW5uaXMlMjBBY2FkZW15JTIwLSUyMFdvcmtjZW50ZXIlM0MlMkZkaXYlM0UlM0MlMkZkaXYlM0UlMEElMjAlM0NkaXYlMjBjbGFzcyUzRCUyMmNhcnJ1c2VsX2l0ZW0lMjIlMjBzdHlsZSUzRCUyMmRpc3BsYXklM0FpbmxpbmUtYmxvY2slM0IlMjBmbG9hdCUzQWxlZnQlM0IlMjIlM0UlM0NpbWclMjBzcmMlM0QlMjJodHRwcyUzQSUyRiUyRm5vdmEtY2VudHJvLmNvbSUyRndwLWNvbnRlbnQlMkZ1cGxvYWRzJTJGTm92YWNlbnRyby1PZmljaW5hcy1lbi1DYWx2aWEtTWFsbG9yY2EtRW50b3Juby1Xb3JrY2VudGVyLUNhZmV0ZXJpYS1Fc21lbnQtMS5qcGclMjIlMjBhbHQlM0QlMjIlMjIlMjAlMkYlM0UlM0NkaXYlMjBjbGFzcyUzRCUyMmNhcHRpb24lMjIlM0VOb3ZhY2VudHJvJTIwLSUyME9maWNpbmFzJTIwZW4lMjBDYWx2aWElMjAtJTIwTWFsbG9yY2ElMjAtJTIwRW50b3JubyUyMC0lMjBXb3JrY2VudGVyJTIwLSUyMENhZmV0ZXIlQzMlQURhJTIwRXNtZW50JTNDJTJGZGl2JTNFJTNDJTJGZGl2JTNFJTBBJTA5JTA5JTA5JTA5JTA5JTA5JTA5JTA5JTA5JTA5JTA5JTBBJTNDJTJGZGl2JTNFJTNDJTJGZGl2JTNFJTNDJTJGZGl2JTNFJTBB[\/vc_raw_html][\/vc_column][\/vc_row][vc_row content_width=&#8221;grid&#8221;][vc_column offset=&#8221;vc_hidden-lg vc_hidden-md vc_hidden-sm&#8221;][vc_column_text]<div id=\"slider\">\r\n  <a class=\"next\"><\/a>\r\n  <a class=\"prev\"><\/a>\r\n  <ul>\r\n    <li class=\"float-left ancho-calc\"><div class=\"cuadro_work\" style=\"background-image:url(http:\/\/www.nova-centro.com\/wp-content\/uploads\/2018\/09\/1.DJI_0775-2.jpg)\"><span class=\"enlace-jarl\">Club de tenis Vilas<\/span><\/div><\/li>\r\n    <li class=\"float-left ancho-calc\"><div class=\"cuadro_work\" style=\"background-image:url(http:\/\/www.nova-centro.com\/wp-content\/uploads\/2018\/09\/2._MG_5507_.jpg)\"><span class=\"enlace-jarl\">Club de tenis Vilas<\/span><\/div><\/li>\r\n    <li class=\"float-left ancho-calc\"><div class=\"cuadro_work\" style=\"background-image:url(http:\/\/www.nova-centro.com\/wp-content\/uploads\/2018\/09\/4.DJI_0765_.jpg)\"><span class=\"enlace-jarl\">Cafeter\u00eda Esment<\/span><\/div><\/li>\r\n    <li class=\"float-left ancho-calc\"><div class=\"cuadro_work\" style=\"background-image:url(http:\/\/www.nova-centro.com\/wp-content\/uploads\/2018\/09\/3._MG_5707-Editar.jpg)\"><span class=\"enlace-jarl\">Puerto Portals<\/span><\/div><\/li>\r\n    <li class=\"float-left ancho-calc\"><div class=\"cuadro_work\" style=\"background-image:url(http:\/\/www.nova-centro.com\/wp-content\/uploads\/2018\/09\/5._MG_5564-Editar.jpg)\"><span class=\"enlace-jarl\">Espectacular entorno<\/span><\/div><\/li>\r\n<li class=\"float-left ancho-calc\"><div class=\"cuadro_work\" style=\"background-image:url(http:\/\/www.nova-centro.com\/wp-content\/uploads\/2018\/11\/DJI_0807.jpg)\"><span class=\"enlace-jarl\">Estrat\u00e9gica localizaci\u00f3n<\/span><\/div><\/li>\r\n    <li class=\"float-left ancho-calc\"><div class=\"cuadro_work\" style=\"background-image:url(http:\/\/www.nova-centro.com\/wp-content\/uploads\/2018\/11\/DJI_0825-Editar.jpg)\"><span class=\"enlace-jarl\">Vistas de la bah\u00eda de Palmanova<\/span><\/div><\/li>\r\n  <\/ul>\r\n<\/div>[\/vc_column_text][vc_raw_js]JTNDc2NyaXB0JTIwdHlwZSUzRCUyMnRleHQlMkZqYXZhc2NyaXB0JTIyJTNFJTBBalF1ZXJ5JTI4ZG9jdW1lbnQlMjkucmVhZHklMjhmdW5jdGlvbiUyMCUyOCUyNCUyOSUyMCU3QiUwQSUyMCUyMCUwQSUyMCUyMCUyMCUyMCUyMCUyMCUyMHZhciUyMHNsaWRlQ291bnQlMjAlM0QlMjAlMjQlMjglMjclMjNzbGlkZXIlMjB1bCUyMGxpJTI3JTI5Lmxlbmd0aCUzQiUwQSUwOXZhciUyMHNsaWRlV2lkdGglMjAlM0QlMjAlMjQlMjglMjclMjNzbGlkZXIlMjB1bCUyMGxpJTI3JTI5LndpZHRoJTI4JTI5JTNCJTBBJTA5dmFyJTIwc2xpZGVIZWlnaHQlMjAlM0QlMjAlMjQlMjglMjclMjNzbGlkZXIlMjB1bCUyMGxpJTI3JTI5LmhlaWdodCUyOCUyOSUzQiUwQSUwOSUyRiUyRiUyMHZhciUyMHNsaWRlclVsV2lkdGglMjAlM0QlMjBzbGlkZUNvdW50JTIwJTJBJTIwc2xpZGVXaWR0aCUzQiUwQSUyMCUyMCUyMCUyMCUyMCUyMCUyMHZhciUyMHNsaWRlclVsV2lkdGglMjAlM0QlMjAxJTIwJTJBJTIwc2xpZGVXaWR0aCUzQiUwQSUwOSUwQSUwOSUyNCUyOCUyNyUyM3NsaWRlciUyNyUyOS5jc3MlMjglN0IlMjBoZWlnaHQlM0ElMjBzbGlkZUhlaWdodCUyMCU3RCUyOSUzQiUwQSUwQSUwOSUyRiUyRiUyNCUyOCUyNyUyM3NsaWRlciUyNyUyOS5jc3MlMjglN0IlMjB3aWR0aCUzQSUyMHNsaWRlV2lkdGglMkMlMjBoZWlnaHQlM0ElMjBzbGlkZUhlaWdodCUyMCU3RCUyOSUzQiUwQSUwOSUyRiUyRiUyMCUyNCUyOCUyNyUyM3NsaWRlciUyMHVsJTI3JTI5LmNzcyUyOCU3QiUyMHdpZHRoJTNBJTIwc2xpZGVyVWxXaWR0aCUyQyUyMG1hcmdpbkxlZnQlM0ElMjAtJTIwc2xpZGVXaWR0aCUyMCU3RCUyOSUzQiUwQSUwQSUwOSUyNCUyOCUyNyUyM3NsaWRlciUyMHVsJTI3JTI5LmNzcyUyOCU3QiUyMG1hcmdpbkxlZnQlM0ElMjAwJTIwJTdEJTI5JTNCJTBBJTIwJTIwJTIwJTIwJTI0JTI4JTI3JTIzc2xpZGVyJTIwdWwlMjBsaSUzQWxhc3QtY2hpbGQlMjclMjkucHJlcGVuZFRvJTI4JTI3JTIzc2xpZGVyJTIwdWwlMjclMjklM0IlMEElMEElMjAlMjAlMjAlMjBmdW5jdGlvbiUyMG1vdmVMZWZ0JTI4JTI5JTIwJTdCJTBBJTIwJTIwJTIwJTIwJTIwJTIwJTIwJTIwJTI0JTI4JTI3JTIzc2xpZGVyJTIwdWwlMjclMjkuYW5pbWF0ZSUyOCU3QiUwQSUyMCUyMCUyMCUyMCUyMCUyMCUyMCUyMCUyMCUyMCUyMCUyMGxlZnQlM0ElMjAlMkIlMjBzbGlkZVdpZHRoJTBBJTIwJTIwJTIwJTIwJTIwJTIwJTIwJTIwJTdEJTJDJTIwMjAwJTJDJTIwZnVuY3Rpb24lMjAlMjglMjklMjAlN0IlMEElMjAlMjAlMjAlMjAlMjAlMjAlMjAlMjAlMjAlMjAlMjAlMjAlMjQlMjglMjclMjNzbGlkZXIlMjB1bCUyMGxpJTNBbGFzdC1jaGlsZCUyNyUyOS5wcmVwZW5kVG8lMjglMjclMjNzbGlkZXIlMjB1bCUyNyUyOSUzQiUwQSUyMCUyMCUyMCUyMCUyMCUyMCUyMCUyMCUyMCUyMCUyMCUyMCUyNCUyOCUyNyUyM3NsaWRlciUyMHVsJTI3JTI5LmNzcyUyOCUyN2xlZnQlMjclMkMlMjAlMjclMjclMjklM0IlMEElMjAlMjAlMjAlMjAlMjAlMjAlMjAlMjAlN0QlMjklM0IlMEElMjAlMjAlMjAlMjAlN0QlM0IlMEElMEElMjAlMjAlMjAlMjBmdW5jdGlvbiUyMG1vdmVSaWdodCUyOCUyOSUyMCU3QiUwQSUyMCUyMCUyMCUyMCUyMCUyMCUyMCUyMCUyNCUyOCUyNyUyM3NsaWRlciUyMHVsJTI3JTI5LmFuaW1hdGUlMjglN0IlMEElMjAlMjAlMjAlMjAlMjAlMjAlMjAlMjAlMjAlMjAlMjAlMjBsZWZ0JTNBJTIwLSUyMHNsaWRlV2lkdGglMEElMjAlMjAlMjAlMjAlMjAlMjAlMjAlMjAlN0QlMkMlMjAyMDAlMkMlMjBmdW5jdGlvbiUyMCUyOCUyOSUyMCU3QiUwQSUyMCUyMCUyMCUyMCUyMCUyMCUyMCUyMCUyMCUyMCUyMCUyMCUyNCUyOCUyNyUyM3NsaWRlciUyMHVsJTIwbGklM0FmaXJzdC1jaGlsZCUyNyUyOS5hcHBlbmRUbyUyOCUyNyUyM3NsaWRlciUyMHVsJTI3JTI5JTNCJTBBJTIwJTIwJTIwJTIwJTIwJTIwJTIwJTIwJTIwJTIwJTIwJTIwJTI0JTI4JTI3JTIzc2xpZGVyJTIwdWwlMjclMjkuY3NzJTI4JTI3bGVmdCUyNyUyQyUyMCUyNyUyNyUyOSUzQiUwQSUyMCUyMCUyMCUyMCUyMCUyMCUyMCUyMCU3RCUyOSUzQiUwQSUyMCUyMCUyMCUyMCU3RCUzQiUwQSUwQSUyMCUyMCUyMCUyMCUyNCUyOCUyN2EucHJldiUyNyUyOS5jbGljayUyOGZ1bmN0aW9uJTIwJTI4JTI5JTIwJTdCJTBBJTIwJTIwJTIwJTIwJTIwJTIwJTIwJTIwbW92ZUxlZnQlMjglMjklM0IlMEElMjAlMjAlMjAlMjAlN0QlMjklM0IlMEElMEElMjAlMjAlMjAlMjAlMjQlMjglMjdhLm5leHQlMjclMjkuY2xpY2slMjhmdW5jdGlvbiUyMCUyOCUyOSUyMCU3QiUwQSUyMCUyMCUyMCUyMCUyMCUyMCUyMCUyMG1vdmVSaWdodCUyOCUyOSUzQiUwQSUyMCUyMCUyMCUyMCU3RCUyOSUzQiUwQSUwQSU3RCUyOSUzQiUyMCUyMCUyMCUyMCUwQSUwQSUzQyUyRnNjcmlwdCUzRQ==[\/vc_raw_js][\/vc_column][\/vc_row][vc_row][vc_column][vc_empty_space height=&#8221;80px&#8221;][\/vc_column][\/vc_row][vc_row content_width=&#8221;grid&#8221;][vc_column width=&#8221;2\/3&#8243;][vc_row_inner][vc_column_inner el_class=&#8221;gris-comun&#8221;][vc_column_text]<\/p>\n<h2>Contacta con nosotros<\/h2>\n<p>[\/vc_column_text][vc_column_text]<\/p>\n\n<div class=\"wpcf7 no-js\" id=\"wpcf7-f146-o1\" lang=\"es-ES\" dir=\"ltr\" data-wpcf7-id=\"146\">\n<div class=\"screen-reader-response\"><p role=\"status\" aria-live=\"polite\" aria-atomic=\"true\"><\/p> <ul><\/ul><\/div>\n<form action=\"\/en\/wp-json\/wp\/v2\/pages\/8054#wpcf7-f146-o1\" method=\"post\" class=\"wpcf7-form init\" aria-label=\"Formulario de contacto\" novalidate=\"novalidate\" data-status=\"init\">\n<fieldset class=\"hidden-fields-container\"><input type=\"hidden\" name=\"_wpcf7\" value=\"146\" \/><input type=\"hidden\" name=\"_wpcf7_version\" value=\"6.1.5\" \/><input type=\"hidden\" name=\"_wpcf7_locale\" value=\"es_ES\" \/><input type=\"hidden\" name=\"_wpcf7_unit_tag\" value=\"wpcf7-f146-o1\" \/><input type=\"hidden\" name=\"_wpcf7_container_post\" value=\"0\" \/><input type=\"hidden\" name=\"_wpcf7_posted_data_hash\" value=\"\" \/><input type=\"hidden\" name=\"_wpcf7_recaptcha_response\" value=\"\" \/>\n<\/fieldset>\n<div class=\"form-home\">\n\t<div class=\"col-md-6 mb-20 left\">\n\t\t<p><span class=\"wpcf7-form-control-wrap\" data-name=\"your-name\"><input size=\"40\" maxlength=\"400\" class=\"wpcf7-form-control wpcf7-text wpcf7-validates-as-required\" aria-required=\"true\" aria-invalid=\"false\" placeholder=\"Nombre\" value=\"\" type=\"text\" name=\"your-name\" \/><\/span>\n\t\t<\/p>\n\t<\/div>\n\t<div class=\"col-md-6 mb-20 right\">\n\t\t<p><span class=\"wpcf7-form-control-wrap\" data-name=\"your-surname\"><input size=\"40\" maxlength=\"400\" class=\"wpcf7-form-control wpcf7-text\" aria-invalid=\"false\" placeholder=\"Apellidos\" value=\"\" type=\"text\" name=\"your-surname\" \/><\/span>\n\t\t<\/p>\n\t<\/div>\n\t<div class=\"col-md-6 mb-20 left\">\n\t\t<p><span class=\"wpcf7-form-control-wrap\" data-name=\"telefono\"><input size=\"40\" maxlength=\"400\" class=\"wpcf7-form-control wpcf7-text\" aria-invalid=\"false\" placeholder=\"Tel\u00e9fono\" value=\"\" type=\"text\" name=\"telefono\" \/><\/span>\n\t\t<\/p>\n\t<\/div>\n\t<div class=\"col-md-6 mb-20 right\">\n\t\t<p><span class=\"wpcf7-form-control-wrap\" data-name=\"your-email\"><input size=\"40\" maxlength=\"400\" class=\"wpcf7-form-control wpcf7-email wpcf7-validates-as-required wpcf7-text wpcf7-validates-as-email\" aria-required=\"true\" aria-invalid=\"false\" placeholder=\"Email\" value=\"\" type=\"email\" name=\"your-email\" \/><\/span>\n\t\t<\/p>\n\t<\/div>\n\t<div class=\"col-md-12 mb-20\">\n\t\t<p><span class=\"wpcf7-form-control-wrap\" data-name=\"your-message\"><textarea cols=\"40\" rows=\"10\" maxlength=\"2000\" class=\"wpcf7-form-control wpcf7-textarea\" aria-invalid=\"false\" placeholder=\"Mensaje\" name=\"your-message\"><\/textarea><\/span>\n\t\t<\/p>\n\t<\/div>\n\t<div class=\"col-md-6 mb-20 left\">\n\t<span class=\"wpcf7-form-control-wrap recaptcha\" data-name=\"recaptcha\"><span data-sitekey=\"6LfjhQ4qAAAAAL8_UHUsuqNH4Va4MYd3CCZKdN4q\" class=\"wpcf7-form-control wpcf7-recaptcha g-recaptcha\"><\/span>\r\n<noscript>\r\n\t<div class=\"grecaptcha-noscript\">\r\n\t\t<iframe loading=\"lazy\" src=\"https:\/\/www.google.com\/recaptcha\/api\/fallback?k=6LfjhQ4qAAAAAL8_UHUsuqNH4Va4MYd3CCZKdN4q\" frameborder=\"0\" scrolling=\"no\" width=\"310\" height=\"430\">\r\n\t\t<\/iframe>\r\n\t\t<textarea name=\"g-recaptcha-response\" rows=\"3\" cols=\"40\" placeholder=\"Aqu\u00ed la respuesta de reCAPTCHA\">\r\n\t\t<\/textarea>\r\n\t<\/div>\r\n<\/noscript>\r\n<\/span>\n\t<\/div>\n\t<div class=\"col-md-12 text-center\">\n\t\t<p><button type=\"submit\" class=\"btn btn-color\">Enviar<\/button>\n\t\t<\/p>\n\t<\/div>\n\t<p>Si lo prefieres puedes llamar al +34 639 163 840\n\t<\/p>\n<\/div><div class=\"wpcf7-response-output\" aria-hidden=\"true\"><\/div>\n<\/form>\n<\/div>\n\n<p>[\/vc_column_text][\/vc_column_inner][\/vc_row_inner][\/vc_column][vc_column width=&#8221;1\/3&#8243;][vc_row_inner][vc_column_inner el_class=&#8221;bloque-gris textos-bloque-gris&#8221;][vc_column_text]<\/p>\n<h2>\u00bfQuieres visitar Novacentro Workspace?<\/h2>\n<p>[\/vc_column_text][vc_column_text]Vis\u00edtanos y te mostraremos las mejores oficinas de la zona de Calvi\u00e1. D\u00e9janos ayudarte a construir tu futuro como empresario<br \/>\n<a href=\"https:\/\/nova-centro.com\/contacto\/\"><span class=\"worhk\">Pedir cita<\/span><\/a>[\/vc_column_text][\/vc_column_inner][\/vc_row_inner][\/vc_column][\/vc_row][vc_row][vc_column][vc_empty_space height=&#8221;60px&#8221;][\/vc_column][\/vc_row]<\/p>\n<\/div>","protected":false},"excerpt":{"rendered":"<p>&#8230;<\/p>\n","protected":false},"author":4,"featured_media":8062,"parent":0,"menu_order":0,"comment_status":"closed","ping_status":"closed","template":"full-width.php","meta":{"footnotes":""},"class_list":["post-8054","page","type-page","status-publish","has-post-thumbnail","hentry"],"aioseo_notices":[],"_links":{"self":[{"href":"https:\/\/nova-centro.com\/en\/wp-json\/wp\/v2\/pages\/8054","targetHints":{"allow":["GET"]}}],"collection":[{"href":"https:\/\/nova-centro.com\/en\/wp-json\/wp\/v2\/pages"}],"about":[{"href":"https:\/\/nova-centro.com\/en\/wp-json\/wp\/v2\/types\/page"}],"author":[{"embeddable":true,"href":"https:\/\/nova-centro.com\/en\/wp-json\/wp\/v2\/users\/4"}],"replies":[{"embeddable":true,"href":"https:\/\/nova-centro.com\/en\/wp-json\/wp\/v2\/comments?post=8054"}],"version-history":[{"count":9,"href":"https:\/\/nova-centro.com\/en\/wp-json\/wp\/v2\/pages\/8054\/revisions"}],"predecessor-version":[{"id":8073,"href":"https:\/\/nova-centro.com\/en\/wp-json\/wp\/v2\/pages\/8054\/revisions\/8073"}],"wp:featuredmedia":[{"embeddable":true,"href":"https:\/\/nova-centro.com\/en\/wp-json\/wp\/v2\/media\/8062"}],"wp:attachment":[{"href":"https:\/\/nova-centro.com\/en\/wp-json\/wp\/v2\/media?parent=8054"}],"curies":[{"name":"wp","href":"https:\/\/api.w.org\/{rel}","templated":true}]}}